{"id":1012443,"date":"2020-09-21T19:28:42","date_gmt":"2020-09-21T19:28:42","guid":{"rendered":"https:\/\/dev-mycat.pantheonsite.io\/?page_id=1012443"},"modified":"2025-06-10T18:49:00","modified_gmt":"2025-06-10T18:49:00","slug":"introduction","status":"publish","type":"page","link":"https:\/\/www.mycatapultve.com\/fr\/soutien\/guide-de-lutilisateur\/introduction\/","title":{"rendered":"Introduction"},"content":{"rendered":"<div class=\"wpb-content-wrapper\"><p>[vc_row][vc_column css=\u00a0\u00bb.vc_custom_1600092774342{margin-top: 30px !important;margin-bottom: 40px !important;}\u00a0\u00bb][vc_column_text css=\u00a0\u00bb\u00a0\u00bb]<\/p>\n<p style=\"text-align: center;\">myCatapulTVe\u00ae vous permet de regarder et de g\u00e9rer en toute transparence des \u00e9missions en direct, enregistr\u00e9es et sur demande n\u2019importe o\u00f9, n\u2019importe quand sur n\u2019importe quel t\u00e9l\u00e9viseur ou sur vos appareils mobiles pr\u00e9f\u00e9r\u00e9s.<\/p>\n<p>[\/vc_column_text][\/vc_column][\/vc_row][vc_row css=\u00a0\u00bb.vc_custom_1600092755711{margin-bottom: 40px !important;}\u00a0\u00bb][vc_column width=\u00a0\u00bb1\/2&Prime;][vc_single_image image=\u00a0\u00bb1012736&Prime; img_size=\u00a0\u00bbfull\u00a0\u00bb][\/vc_column][vc_column width=\u00a0\u00bb1\/2&Prime;][vc_column_text el_class=\u00a0\u00bbhome-pg-list\u00a0\u00bb]<\/p>\n<ul>\n<li>Diffusion \u00e0 domicile et hors domicile<\/li>\n<li>ENP dans le nuage avec gestion \u00e0 distance des enregistrements et planifications personnels<\/li>\n<li>Capacit\u00e9s de retour en arri\u00e8re et de red\u00e9marrage<\/li>\n<li>Acc\u00e8s depuis l&rsquo;application aux services d&rsquo;abonnement vid\u00e9o en ligne, incluant Netflix, Disney +, Amazon Prime, YouTube, Hulu, etc.<\/li>\n<li>Recherche globale par mot-cl\u00e9 incluant les services vid\u00e9o Guide, Enregistrements, Sur Demande et En Ligne<\/li>\n<li>Contr\u00f4les parentaux garantissant un visionnement familial en toute s\u00e9curit\u00e9<\/li>\n<li>Diffusez sur Android, iOS, Windows, Mac, Amazon Fire TV et Android TV<\/li>\n<li>Diffusez sur n&rsquo;importe quel t\u00e9l\u00e9viseur \u00e0 l&rsquo;aide d&rsquo;appareils de diffusion populaires<\/li>\n<li>N\u00e9cessite une connexion Internet et un abonnement aupr\u00e8s d&rsquo;un fournisseur de services t\u00e9l\u00e9 agr\u00e9\u00e9<\/li>\n<\/ul>\n<p>[\/vc_column_text][\/vc_column][\/vc_row]<\/p>\n<\/div>","protected":false},"excerpt":{"rendered":"<p>[vc_row][vc_column css=\u00a0\u00bb.vc_custom_1600092774342{margin-top: 30px !important;margin-bottom: 40px !important;}\u00a0\u00bb][vc_column_text css=\u00a0\u00bb\u00a0\u00bb] myCatapulTVe\u00ae vous permet de regarder et de g\u00e9rer en toute transparence des \u00e9missions en direct, enregistr\u00e9es et sur demande n\u2019importe o\u00f9, n\u2019importe quand sur n\u2019importe quel t\u00e9l\u00e9viseur ou sur vos appareils mobiles pr\u00e9f\u00e9r\u00e9s&#8230;.<\/p>\n","protected":false},"author":4,"featured_media":0,"parent":1012322,"menu_order":1,"comment_status":"closed","ping_status":"closed","template":"","meta":{"_acf_changed":false,"inline_featured_image":false,"footnotes":""},"yst_prominent_words":[],"class_list":["post-1012443","page","type-page","status-publish","hentry"],"acf":[],"_links":{"self":[{"href":"https:\/\/www.mycatapultve.com\/fr\/wp-json\/wp\/v2\/pages\/1012443","targetHints":{"allow":["GET"]}}],"collection":[{"href":"https:\/\/www.mycatapultve.com\/fr\/wp-json\/wp\/v2\/pages"}],"about":[{"href":"https:\/\/www.mycatapultve.com\/fr\/wp-json\/wp\/v2\/types\/page"}],"author":[{"embeddable":true,"href":"https:\/\/www.mycatapultve.com\/fr\/wp-json\/wp\/v2\/users\/4"}],"replies":[{"embeddable":true,"href":"https:\/\/www.mycatapultve.com\/fr\/wp-json\/wp\/v2\/comments?post=1012443"}],"version-history":[{"count":8,"href":"https:\/\/www.mycatapultve.com\/fr\/wp-json\/wp\/v2\/pages\/1012443\/revisions"}],"predecessor-version":[{"id":1012977,"href":"https:\/\/www.mycatapultve.com\/fr\/wp-json\/wp\/v2\/pages\/1012443\/revisions\/1012977"}],"up":[{"embeddable":true,"href":"https:\/\/www.mycatapultve.com\/fr\/wp-json\/wp\/v2\/pages\/1012322"}],"wp:attachment":[{"href":"https:\/\/www.mycatapultve.com\/fr\/wp-json\/wp\/v2\/media?parent=1012443"}],"wp:term":[{"taxonomy":"yst_prominent_words","embeddable":true,"href":"https:\/\/www.mycatapultve.com\/fr\/wp-json\/wp\/v2\/yst_prominent_words?post=1012443"}],"curies":[{"name":"wp","href":"https:\/\/api.w.org\/{rel}","templated":true}]}}