{"id":1012434,"date":"2020-09-21T18:36:00","date_gmt":"2020-09-21T18:36:00","guid":{"rendered":"https:\/\/dev-mycat.pantheonsite.io\/?page_id=1012434"},"modified":"2025-06-10T18:43:41","modified_gmt":"2025-06-10T18:43:41","slug":"retour-aux-parametres-dusine","status":"publish","type":"page","link":"https:\/\/www.mycatapultve.com\/fr\/soutien\/guide-de-lutilisateur\/retour-aux-parametres-dusine\/","title":{"rendered":"Retour aux param\u00e8tres d&rsquo;usine"},"content":{"rendered":"<div class=\"wpb-content-wrapper\"><p>[vc_row][vc_column][vc_column_text css=\u00a0\u00bb\u00a0\u00bb]<\/p>\n<h3>Et si je veux r\u00e9initialiser mon application?<\/h3>\n<p>Dans le menu Param\u00e8tres, s\u00e9lectionnez le bouton R\u00e9initialiser. Cela supprimera tous les param\u00e8tres et restaurera l&rsquo;application \u00e0 l&rsquo;\u00e9tat d&rsquo;installation d&rsquo;origine. Le r\u00e9enregistrement de cet appareil en particulier sera n\u00e9cessaire.[\/vc_column_text][\/vc_column][\/vc_row]<\/p>\n<\/div>","protected":false},"excerpt":{"rendered":"<p>[vc_row][vc_column][vc_column_text css=\u00a0\u00bb\u00a0\u00bb] Et si je veux r\u00e9initialiser mon application? Dans le menu Param\u00e8tres, s\u00e9lectionnez le bouton R\u00e9initialiser. Cela supprimera tous les param\u00e8tres et restaurera l&rsquo;application \u00e0 l&rsquo;\u00e9tat d&rsquo;installation d&rsquo;origine. Le r\u00e9enregistrement de cet appareil en particulier sera n\u00e9cessaire.[\/vc_column_text][\/vc_column][\/vc_row]<\/p>\n","protected":false},"author":4,"featured_media":0,"parent":1012322,"menu_order":12,"comment_status":"closed","ping_status":"closed","template":"","meta":{"_acf_changed":false,"inline_featured_image":false,"footnotes":""},"yst_prominent_words":[],"class_list":["post-1012434","page","type-page","status-publish","hentry"],"acf":[],"_links":{"self":[{"href":"https:\/\/www.mycatapultve.com\/fr\/wp-json\/wp\/v2\/pages\/1012434","targetHints":{"allow":["GET"]}}],"collection":[{"href":"https:\/\/www.mycatapultve.com\/fr\/wp-json\/wp\/v2\/pages"}],"about":[{"href":"https:\/\/www.mycatapultve.com\/fr\/wp-json\/wp\/v2\/types\/page"}],"author":[{"embeddable":true,"href":"https:\/\/www.mycatapultve.com\/fr\/wp-json\/wp\/v2\/users\/4"}],"replies":[{"embeddable":true,"href":"https:\/\/www.mycatapultve.com\/fr\/wp-json\/wp\/v2\/comments?post=1012434"}],"version-history":[{"count":3,"href":"https:\/\/www.mycatapultve.com\/fr\/wp-json\/wp\/v2\/pages\/1012434\/revisions"}],"predecessor-version":[{"id":1012975,"href":"https:\/\/www.mycatapultve.com\/fr\/wp-json\/wp\/v2\/pages\/1012434\/revisions\/1012975"}],"up":[{"embeddable":true,"href":"https:\/\/www.mycatapultve.com\/fr\/wp-json\/wp\/v2\/pages\/1012322"}],"wp:attachment":[{"href":"https:\/\/www.mycatapultve.com\/fr\/wp-json\/wp\/v2\/media?parent=1012434"}],"wp:term":[{"taxonomy":"yst_prominent_words","embeddable":true,"href":"https:\/\/www.mycatapultve.com\/fr\/wp-json\/wp\/v2\/yst_prominent_words?post=1012434"}],"curies":[{"name":"wp","href":"https:\/\/api.w.org\/{rel}","templated":true}]}}