{"id":1012426,"date":"2020-09-21T18:31:57","date_gmt":"2020-09-21T18:31:57","guid":{"rendered":"https:\/\/dev-mycat.pantheonsite.io\/?page_id=1012426"},"modified":"2025-06-10T18:42:44","modified_gmt":"2025-06-10T18:42:44","slug":"personnalisation","status":"publish","type":"page","link":"https:\/\/www.mycatapultve.com\/fr\/soutien\/guide-de-lutilisateur\/personnalisation\/","title":{"rendered":"Personnalisation"},"content":{"rendered":"<div class=\"wpb-content-wrapper\"><p>[vc_row][vc_column][vc_single_image image=\u00a0\u00bb1012430&Prime; img_size=\u00a0\u00bbfull\u00a0\u00bb][\/vc_column][\/vc_row][vc_row][vc_column][vc_column_text css=\u00a0\u00bb\u00a0\u00bb]<\/p>\n<h3>Puis-je changer la langue?<\/h3>\n<p>Oui, l&rsquo;application offre deux possibilit\u00e9s pour personnaliser la langue:<\/p>\n<ol>\n<li>Dans le menu Param\u00e8tres, <strong>la langue audio<\/strong> peut \u00eatre modifi\u00e9e. Cependant, cette prise en charge peut varier selon la cha\u00eene et l&rsquo;appareil. Lorsque votre langue audio pr\u00e9f\u00e9r\u00e9e n&rsquo;est pas disponible, la langue par d\u00e9faut de cette cha\u00eene ou de ce programme sera utilis\u00e9e.<\/li>\n<li><strong>La langue de l&rsquo;\u00e9cran<\/strong> s&rsquo;applique \u00e0 la langue affich\u00e9e par l&rsquo;application sur chaque \u00e9cran\/menu. S\u00e9lectionnez votre langue pr\u00e9f\u00e9r\u00e9e dans le menu d\u00e9roulant.<\/li>\n<\/ol>\n<p>[\/vc_column_text][\/vc_column][\/vc_row][vc_row][vc_column][vc_column_text css=\u00a0\u00bb\u00a0\u00bb]<\/p>\n<h3>Puis-je changer le format de l&rsquo;heure?<\/h3>\n<p>Oui. Les formats 24 heures et 12 heures sont pris en charge et peuvent \u00eatre s\u00e9lectionn\u00e9s dans le menu Param\u00e8tres.[\/vc_column_text][\/vc_column][\/vc_row][vc_row][vc_column][vc_column_text css=\u00a0\u00bb\u00a0\u00bb]<\/p>\n<h3>Le nom de l&rsquo;appareil peut-il \u00eatre modifi\u00e9?<\/h3>\n<p>Oui, le nom de votre appareil peut \u00eatre modifi\u00e9 \u00e0 partir du menu Param\u00e8tres.[\/vc_column_text][\/vc_column][\/vc_row]<\/p>\n<\/div>","protected":false},"excerpt":{"rendered":"<p>[vc_row][vc_column][vc_single_image image=\u00a0\u00bb1012430&Prime; img_size=\u00a0\u00bbfull\u00a0\u00bb][\/vc_column][\/vc_row][vc_row][vc_column][vc_column_text css=\u00a0\u00bb\u00a0\u00bb] Puis-je changer la langue? Oui, l&rsquo;application offre deux possibilit\u00e9s pour personnaliser la langue: Dans le menu Param\u00e8tres, la langue audio peut \u00eatre modifi\u00e9e. Cependant, cette prise en charge peut varier selon la cha\u00eene et l&rsquo;appareil. Lorsque&#8230;<\/p>\n","protected":false},"author":4,"featured_media":0,"parent":1012322,"menu_order":12,"comment_status":"closed","ping_status":"closed","template":"","meta":{"_acf_changed":false,"inline_featured_image":false,"footnotes":""},"yst_prominent_words":[],"class_list":["post-1012426","page","type-page","status-publish","hentry"],"acf":[],"_links":{"self":[{"href":"https:\/\/www.mycatapultve.com\/fr\/wp-json\/wp\/v2\/pages\/1012426","targetHints":{"allow":["GET"]}}],"collection":[{"href":"https:\/\/www.mycatapultve.com\/fr\/wp-json\/wp\/v2\/pages"}],"about":[{"href":"https:\/\/www.mycatapultve.com\/fr\/wp-json\/wp\/v2\/types\/page"}],"author":[{"embeddable":true,"href":"https:\/\/www.mycatapultve.com\/fr\/wp-json\/wp\/v2\/users\/4"}],"replies":[{"embeddable":true,"href":"https:\/\/www.mycatapultve.com\/fr\/wp-json\/wp\/v2\/comments?post=1012426"}],"version-history":[{"count":5,"href":"https:\/\/www.mycatapultve.com\/fr\/wp-json\/wp\/v2\/pages\/1012426\/revisions"}],"predecessor-version":[{"id":1012974,"href":"https:\/\/www.mycatapultve.com\/fr\/wp-json\/wp\/v2\/pages\/1012426\/revisions\/1012974"}],"up":[{"embeddable":true,"href":"https:\/\/www.mycatapultve.com\/fr\/wp-json\/wp\/v2\/pages\/1012322"}],"wp:attachment":[{"href":"https:\/\/www.mycatapultve.com\/fr\/wp-json\/wp\/v2\/media?parent=1012426"}],"wp:term":[{"taxonomy":"yst_prominent_words","embeddable":true,"href":"https:\/\/www.mycatapultve.com\/fr\/wp-json\/wp\/v2\/yst_prominent_words?post=1012426"}],"curies":[{"name":"wp","href":"https:\/\/api.w.org\/{rel}","templated":true}]}}