{"id":1012403,"date":"2020-09-21T18:22:21","date_gmt":"2020-09-21T18:22:21","guid":{"rendered":"https:\/\/dev-mycat.pantheonsite.io\/?page_id=1012403"},"modified":"2025-06-12T17:18:37","modified_gmt":"2025-06-12T17:18:37","slug":"diffusion","status":"publish","type":"page","link":"https:\/\/www.mycatapultve.com\/fr\/soutien\/guide-de-lutilisateur\/diffusion\/","title":{"rendered":"Diffusion"},"content":{"rendered":"<div class=\"wpb-content-wrapper\"><p>[vc_row][vc_column][vc_column_text css=\u00a0\u00bb\u00a0\u00bb]Profitez de tout le contenu sur un grand \u00e9cran via des appareils OTT pris en charge (Chromecast, Airplay, Miroir d\u2019\u00e9cran, etc.) et des mod\u00e8les de t\u00e9l\u00e9viseurs.<\/p>\n<h3>Exemples:<\/h3>\n<p>[\/vc_column_text][\/vc_column][\/vc_row][vc_row][vc_column width=\u00a0\u00bb2\/3&Prime;][vc_row_inner][vc_column_inner width=\u00a0\u00bb1\/2&Prime;][vc_single_image image=\u00a0\u00bb1012406&Prime; img_size=\u00a0\u00bbautox255&Prime; add_caption=\u00a0\u00bbyes\u00a0\u00bb alignment=\u00a0\u00bbcenter\u00a0\u00bb css=\u00a0\u00bb\u00a0\u00bb][vc_column_text]<\/p>\n<p class=\"p1\" style=\"text-align: center;\">Recopie d\u2019\u00e9cran sur Apple TV.<\/p>\n<p>[\/vc_column_text][\/vc_column_inner][vc_column_inner width=\u00a0\u00bb1\/2&Prime;][vc_single_image image=\u00a0\u00bb1012408&Prime; img_size=\u00a0\u00bb350&#215;255&Prime; add_caption=\u00a0\u00bbyes\u00a0\u00bb alignment=\u00a0\u00bbcenter\u00a0\u00bb][vc_column_text]<\/p>\n<p class=\"p1\" style=\"text-align: center;\">AirPlay vers Apple TV.<\/p>\n<p>[\/vc_column_text][\/vc_column_inner][\/vc_row_inner][vc_row_inner][vc_column_inner width=\u00a0\u00bb1\/2&Prime;][vc_single_image image=\u00a0\u00bb1012410&Prime; img_size=\u00a0\u00bbfull\u00a0\u00bb add_caption=\u00a0\u00bbyes\u00a0\u00bb alignment=\u00a0\u00bbcenter\u00a0\u00bb][vc_column_text]<\/p>\n<p class=\"p1\" style=\"text-align: center;\">MirrorShare vers appareils Roku.<\/p>\n<p>[\/vc_column_text][\/vc_column_inner][vc_column_inner width=\u00a0\u00bb1\/2&Prime;][vc_single_image image=\u00a0\u00bb1012412&Prime; img_size=\u00a0\u00bbfull\u00a0\u00bb add_caption=\u00a0\u00bbyes\u00a0\u00bb alignment=\u00a0\u00bbcenter\u00a0\u00bb][vc_column_text]<\/p>\n<p class=\"p1\" style=\"text-align: center;\">MirrorShare vers t\u00e9l\u00e9viseurs intelligents.<\/p>\n<p>[\/vc_column_text][\/vc_column_inner][\/vc_row_inner][vc_row_inner][vc_column_inner][vc_single_image image=\u00a0\u00bb1012853&Prime; img_size=\u00a0\u00bbfull\u00a0\u00bb add_caption=\u00a0\u00bbyes\u00a0\u00bb alignment=\u00a0\u00bbcenter\u00a0\u00bb][vc_column_text]<\/p>\n<p class=\"p1\" style=\"text-align: center;\">Navigateur Chrome pour Chromecast et appareils compatibles.<\/p>\n<p>[\/vc_column_text][\/vc_column_inner][\/vc_row_inner][\/vc_column][vc_column width=\u00a0\u00bb2\/6&Prime;][\/vc_column][\/vc_row]<\/p>\n<\/div>","protected":false},"excerpt":{"rendered":"<p>[vc_row][vc_column][vc_column_text css=\u00a0\u00bb\u00a0\u00bb]Profitez de tout le contenu sur un grand \u00e9cran via des appareils OTT pris en charge (Chromecast, Airplay, Miroir d\u2019\u00e9cran, etc.) et des mod\u00e8les de t\u00e9l\u00e9viseurs. Exemples: [\/vc_column_text][\/vc_column][\/vc_row][vc_row][vc_column width=\u00a0\u00bb2\/3&Prime;][vc_row_inner][vc_column_inner width=\u00a0\u00bb1\/2&Prime;][vc_single_image image=\u00a0\u00bb1012406&Prime; img_size=\u00a0\u00bbautox255&Prime; add_caption=\u00a0\u00bbyes\u00a0\u00bb alignment=\u00a0\u00bbcenter\u00a0\u00bb css=\u00a0\u00bb\u00a0\u00bb][vc_column_text] Recopie d\u2019\u00e9cran sur Apple&#8230;<\/p>\n","protected":false},"author":4,"featured_media":0,"parent":1012322,"menu_order":10,"comment_status":"closed","ping_status":"closed","template":"","meta":{"_acf_changed":false,"inline_featured_image":false,"footnotes":""},"yst_prominent_words":[],"class_list":["post-1012403","page","type-page","status-publish","hentry"],"acf":[],"_links":{"self":[{"href":"https:\/\/www.mycatapultve.com\/fr\/wp-json\/wp\/v2\/pages\/1012403","targetHints":{"allow":["GET"]}}],"collection":[{"href":"https:\/\/www.mycatapultve.com\/fr\/wp-json\/wp\/v2\/pages"}],"about":[{"href":"https:\/\/www.mycatapultve.com\/fr\/wp-json\/wp\/v2\/types\/page"}],"author":[{"embeddable":true,"href":"https:\/\/www.mycatapultve.com\/fr\/wp-json\/wp\/v2\/users\/4"}],"replies":[{"embeddable":true,"href":"https:\/\/www.mycatapultve.com\/fr\/wp-json\/wp\/v2\/comments?post=1012403"}],"version-history":[{"count":10,"href":"https:\/\/www.mycatapultve.com\/fr\/wp-json\/wp\/v2\/pages\/1012403\/revisions"}],"predecessor-version":[{"id":1012970,"href":"https:\/\/www.mycatapultve.com\/fr\/wp-json\/wp\/v2\/pages\/1012403\/revisions\/1012970"}],"up":[{"embeddable":true,"href":"https:\/\/www.mycatapultve.com\/fr\/wp-json\/wp\/v2\/pages\/1012322"}],"wp:attachment":[{"href":"https:\/\/www.mycatapultve.com\/fr\/wp-json\/wp\/v2\/media?parent=1012403"}],"wp:term":[{"taxonomy":"yst_prominent_words","embeddable":true,"href":"https:\/\/www.mycatapultve.com\/fr\/wp-json\/wp\/v2\/yst_prominent_words?post=1012403"}],"curies":[{"name":"wp","href":"https:\/\/api.w.org\/{rel}","templated":true}]}}