{"id":1012389,"date":"2020-09-21T18:26:24","date_gmt":"2020-09-21T18:26:24","guid":{"rendered":"https:\/\/dev-mycat.pantheonsite.io\/?page_id=1012389"},"modified":"2025-06-10T18:32:10","modified_gmt":"2025-06-10T18:32:10","slug":"en-ligne","status":"publish","type":"page","link":"https:\/\/www.mycatapultve.com\/fr\/soutien\/guide-de-lutilisateur\/en-ligne\/","title":{"rendered":"En ligne"},"content":{"rendered":"<div class=\"wpb-content-wrapper\"><p>[vc_row][vc_column][vc_column_text]L&rsquo;onglet \u00ab\u00a0En ligne\u00a0\u00bb fournit des raccourcis vers les services de diffusion en ligne o\u00f9 vous pouvez \u00e9galement cr\u00e9er des liens personnalis\u00e9s pour le trafic local ou la m\u00e9t\u00e9o, des biblioth\u00e8ques de photos personnelles en ligne, etc. Par d\u00e9faut, les meilleurs services de diffusion sont inclus. Si l&rsquo;application pour l&rsquo;un de ceux-ci a \u00e9t\u00e9 install\u00e9e, le lien ouvrira l&rsquo;application elle-m\u00eame. Les applications d\u00e9sinstall\u00e9es et les liens personnalis\u00e9s s&rsquo;ouvriront dans une fen\u00eatre de navigateur distincte.[\/vc_column_text][\/vc_column][\/vc_row][vc_row][vc_column][vc_single_image image=\u00a0\u00bb1012846&Prime; img_size=\u00a0\u00bbfull\u00a0\u00bb][\/vc_column][\/vc_row][vc_row][vc_column][vc_column_text css=\u00a0\u00bb\u00a0\u00bb]<\/p>\n<h3>Comment ajouter mon propre lien?<\/h3>\n<p>[vc_single_image image=\u00a0\u00bb1012394&Prime; img_size=\u00a0\u00bbfull\u00a0\u00bb]<\/p>\n<p>Cliquez sur \u00ab + G\u00e9rer les liens \u00bb et remplissez les champs. Le lien sera ajout\u00e9 \u00e0 tous les appareils de votre compte. Pour \u00e9viter les probl\u00e8mes, assurez-vous de saisir l&rsquo;URL au format exact indiqu\u00e9 \u00e0 l&rsquo;\u00e9cran, par exemple https:\/\/www.[NomDuSite].com[\/vc_column_text][\/vc_column][\/vc_row][vc_row][vc_column][vc_column_text css=\u00a0\u00bb\u00a0\u00bb]<\/p>\n<h3>Puis-je supprimer un lien?<\/h3>\n<p>Les liens peuvent \u00eatre supprim\u00e9s en cliquant sur \u00ab + G\u00e9rer les liens \u00bb et en choisissant \u00ab SUPPRIMER UN LIEN PERSONNALIS\u00c9 \u00bb. S\u00e9lectionnez le lien appropri\u00e9 \u00e0 supprimer. Cela supprimera \u00e9galement le lien de TOUS les appareils de votre compte. Les liens par d\u00e9faut ne peuvent pas \u00eatre supprim\u00e9s.<\/p>\n<p>Les services de diffusion en ligne inclus par d\u00e9faut ne peuvent pas \u00eatre supprim\u00e9s.[\/vc_column_text][\/vc_column][\/vc_row][vc_row][vc_column][vc_column_text css=\u00a0\u00bb\u00a0\u00bb]<\/p>\n<h3>Que faire si la page ne s&rsquo;ouvre pas?<\/h3>\n<p>V\u00e9rifiez que le lien est valide et que l&rsquo;URL respecte le format sp\u00e9cifi\u00e9, par exemple https: \/\/ www.[NomDuSite].com[\/vc_column_text][\/vc_column][\/vc_row]<\/p>\n<\/div>","protected":false},"excerpt":{"rendered":"<p>[vc_row][vc_column][vc_column_text]L&rsquo;onglet \u00ab\u00a0En ligne\u00a0\u00bb fournit des raccourcis vers les services de diffusion en ligne o\u00f9 vous pouvez \u00e9galement cr\u00e9er des liens personnalis\u00e9s pour le trafic local ou la m\u00e9t\u00e9o, des biblioth\u00e8ques de photos personnelles en ligne, etc. Par d\u00e9faut, les meilleurs&#8230;<\/p>\n","protected":false},"author":4,"featured_media":0,"parent":1012322,"menu_order":8,"comment_status":"closed","ping_status":"closed","template":"","meta":{"_acf_changed":false,"inline_featured_image":false,"footnotes":""},"yst_prominent_words":[],"class_list":["post-1012389","page","type-page","status-publish","hentry"],"acf":[],"_links":{"self":[{"href":"https:\/\/www.mycatapultve.com\/fr\/wp-json\/wp\/v2\/pages\/1012389","targetHints":{"allow":["GET"]}}],"collection":[{"href":"https:\/\/www.mycatapultve.com\/fr\/wp-json\/wp\/v2\/pages"}],"about":[{"href":"https:\/\/www.mycatapultve.com\/fr\/wp-json\/wp\/v2\/types\/page"}],"author":[{"embeddable":true,"href":"https:\/\/www.mycatapultve.com\/fr\/wp-json\/wp\/v2\/users\/4"}],"replies":[{"embeddable":true,"href":"https:\/\/www.mycatapultve.com\/fr\/wp-json\/wp\/v2\/comments?post=1012389"}],"version-history":[{"count":11,"href":"https:\/\/www.mycatapultve.com\/fr\/wp-json\/wp\/v2\/pages\/1012389\/revisions"}],"predecessor-version":[{"id":1012965,"href":"https:\/\/www.mycatapultve.com\/fr\/wp-json\/wp\/v2\/pages\/1012389\/revisions\/1012965"}],"up":[{"embeddable":true,"href":"https:\/\/www.mycatapultve.com\/fr\/wp-json\/wp\/v2\/pages\/1012322"}],"wp:attachment":[{"href":"https:\/\/www.mycatapultve.com\/fr\/wp-json\/wp\/v2\/media?parent=1012389"}],"wp:term":[{"taxonomy":"yst_prominent_words","embeddable":true,"href":"https:\/\/www.mycatapultve.com\/fr\/wp-json\/wp\/v2\/yst_prominent_words?post=1012389"}],"curies":[{"name":"wp","href":"https:\/\/api.w.org\/{rel}","templated":true}]}}