{"id":1012379,"date":"2020-09-21T18:26:42","date_gmt":"2020-09-21T18:26:42","guid":{"rendered":"https:\/\/dev-mycat.pantheonsite.io\/?page_id=1012379"},"modified":"2025-06-10T18:30:41","modified_gmt":"2025-06-10T18:30:41","slug":"sur-demande","status":"publish","type":"page","link":"https:\/\/www.mycatapultve.com\/fr\/soutien\/guide-de-lutilisateur\/sur-demande\/","title":{"rendered":"Sur Demande"},"content":{"rendered":"<div class=\"wpb-content-wrapper\"><p>[vc_row][vc_column][vc_column_text]La vid\u00e9o sur demande peut \u00eatre disponible si elle est propos\u00e9e par votre fournisseur de services. Le contenu achet\u00e9 peut \u00eatre visionn\u00e9 pendant 48 heures.[\/vc_column_text][\/vc_column][\/vc_row][vc_row][vc_column][vc_single_image image=\u00a0\u00bb1012815&Prime; img_size=\u00a0\u00bbfull\u00a0\u00bb][vc_single_image image=\u00a0\u00bb1012819&Prime; img_size=\u00a0\u00bbfull\u00a0\u00bb][\/vc_column][\/vc_row][vc_row][vc_column][vc_column_text css=\u00a0\u00bb\u00a0\u00bb]<\/p>\n<h3>Comment acheter du contenu \u00e0 la demande?<\/h3>\n<p>Choisissez un titre et appuyez sur \u00ab Acheter \u00bb. Une fen\u00eatre de confirmation s&rsquo;ouvrira.[\/vc_column_text][\/vc_column][\/vc_row][vc_row][vc_column][vc_column_text css=\u00a0\u00bb\u00a0\u00bb]<\/p>\n<h3>Dois-je entrer un code NIP pour chaque achat?<\/h3>\n<p>Cela d\u00e9pend. Sous \u00ab Param\u00e8tres \u00bb, un code NIP pour les achats \u00ab Sur Demande \u00bb peut \u00eatre activ\u00e9 ou d\u00e9sactiv\u00e9. Lorsqu&rsquo;il est activ\u00e9, le code NIP doit \u00eatre entr\u00e9 pour confirmer chaque achat.<\/p>\n<p>S&rsquo;il est d\u00e9sactiv\u00e9, le titre est automatiquement achet\u00e9 sans demande de confirmation.<\/p>\n<p>Rappel\u00a0: le code NIP d&rsquo;achat et le code NIP du contr\u00f4le parental sont les m\u00eames.[\/vc_column_text][\/vc_column][\/vc_row][vc_row][vc_column][vc_column_text css=\u00a0\u00bb\u00a0\u00bb]<\/p>\n<h3>Puis-je filtrer mon affichage?<\/h3>\n<p>[vc_single_image image=\u00a0\u00bb1012823&Prime; img_size=\u00a0\u00bbfull\u00a0\u00bb]<\/p>\n<p class=\"p1\">Oui, dans le menu d\u00e9roulant choisissez \u00ab Tout le contenu \u00bb, \u00ab Contenu payant \u00bb ou \u00ab Contenu gratuit \u00bb.<\/p>\n<p class=\"p1\">Les titres peuvent \u00eatre filtr\u00e9s davantage par :<\/p>\n<ul>\n<li class=\"p2\">Nouveaut\u00e9s (sorties dans l\u2019ann\u00e9e en cours)<\/li>\n<li class=\"p2\">Nouvellement ajout\u00e9 (ajout\u00e9 au catalogue au cours des 2 derni\u00e8res semaines)<\/li>\n<li class=\"p2\">Mes achats (achats non expir\u00e9s)<\/li>\n<li class=\"p2\">Genre<\/li>\n<\/ul>\n<p>[\/vc_column_text][\/vc_column][\/vc_row][vc_row][vc_column][vc_column_text css=\u00a0\u00bb\u00a0\u00bb]<\/p>\n<h3>Combien de temps les titres achet\u00e9s sont-ils disponibles?<\/h3>\n<p>Le contenu payant est disponible pendant 48 heures apr\u00e8s l&rsquo;achat. Une fois le d\u00e9lai \u00e9coul\u00e9, vous n&rsquo;aurez plus d\u2019acc\u00e8s pour le regarder \u00e0 moins qu&rsquo;il ne soit rachet\u00e9.[\/vc_column_text][\/vc_column][\/vc_row][vc_row][vc_column][vc_column_text css=\u00a0\u00bb\u00a0\u00bb]<\/p>\n<h3>O\u00f9 puis-je voir les titres que j&rsquo;ai achet\u00e9s?<\/h3>\n<p>Dans le menu d\u00e9roulant, choisissez \u00ab Mes achats \u00bb pour voir les titres non expir\u00e9s.[\/vc_column_text][\/vc_column][\/vc_row][vc_row][vc_column][vc_column_text css=\u00a0\u00bb\u00a0\u00bb]<\/p>\n<h3>Le contr\u00f4le parental affecte-t-il le catalogue \u00ab Sur Demande \u00bb?<\/h3>\n<p>Pour d\u00e9verrouiller les d\u00e9tails de la programmation, le code NIP du contr\u00f4le parental doit \u00eatre entr\u00e9.[\/vc_column_text][\/vc_column][\/vc_row]<\/p>\n<\/div>","protected":false},"excerpt":{"rendered":"<p>[vc_row][vc_column][vc_column_text]La vid\u00e9o sur demande peut \u00eatre disponible si elle est propos\u00e9e par votre fournisseur de services. Le contenu achet\u00e9 peut \u00eatre visionn\u00e9 pendant 48 heures.[\/vc_column_text][\/vc_column][\/vc_row][vc_row][vc_column][vc_single_image image=\u00a0\u00bb1012815&Prime; img_size=\u00a0\u00bbfull\u00a0\u00bb][vc_single_image image=\u00a0\u00bb1012819&Prime; img_size=\u00a0\u00bbfull\u00a0\u00bb][\/vc_column][\/vc_row][vc_row][vc_column][vc_column_text css=\u00a0\u00bb\u00a0\u00bb] Comment acheter du contenu \u00e0 la demande? Choisissez un titre&#8230;<\/p>\n","protected":false},"author":4,"featured_media":0,"parent":1012322,"menu_order":7,"comment_status":"closed","ping_status":"closed","template":"","meta":{"_acf_changed":false,"inline_featured_image":false,"footnotes":""},"yst_prominent_words":[],"class_list":["post-1012379","page","type-page","status-publish","hentry"],"acf":[],"_links":{"self":[{"href":"https:\/\/www.mycatapultve.com\/fr\/wp-json\/wp\/v2\/pages\/1012379","targetHints":{"allow":["GET"]}}],"collection":[{"href":"https:\/\/www.mycatapultve.com\/fr\/wp-json\/wp\/v2\/pages"}],"about":[{"href":"https:\/\/www.mycatapultve.com\/fr\/wp-json\/wp\/v2\/types\/page"}],"author":[{"embeddable":true,"href":"https:\/\/www.mycatapultve.com\/fr\/wp-json\/wp\/v2\/users\/4"}],"replies":[{"embeddable":true,"href":"https:\/\/www.mycatapultve.com\/fr\/wp-json\/wp\/v2\/comments?post=1012379"}],"version-history":[{"count":10,"href":"https:\/\/www.mycatapultve.com\/fr\/wp-json\/wp\/v2\/pages\/1012379\/revisions"}],"predecessor-version":[{"id":1012963,"href":"https:\/\/www.mycatapultve.com\/fr\/wp-json\/wp\/v2\/pages\/1012379\/revisions\/1012963"}],"up":[{"embeddable":true,"href":"https:\/\/www.mycatapultve.com\/fr\/wp-json\/wp\/v2\/pages\/1012322"}],"wp:attachment":[{"href":"https:\/\/www.mycatapultve.com\/fr\/wp-json\/wp\/v2\/media?parent=1012379"}],"wp:term":[{"taxonomy":"yst_prominent_words","embeddable":true,"href":"https:\/\/www.mycatapultve.com\/fr\/wp-json\/wp\/v2\/yst_prominent_words?post=1012379"}],"curies":[{"name":"wp","href":"https:\/\/api.w.org\/{rel}","templated":true}]}}