{"id":1012367,"date":"2020-09-21T18:26:54","date_gmt":"2020-09-21T18:26:54","guid":{"rendered":"https:\/\/dev-mycat.pantheonsite.io\/?page_id=1012367"},"modified":"2025-06-10T18:27:30","modified_gmt":"2025-06-10T18:27:30","slug":"enregistrements","status":"publish","type":"page","link":"https:\/\/www.mycatapultve.com\/fr\/soutien\/guide-de-lutilisateur\/enregistrements\/","title":{"rendered":"Enregistrements"},"content":{"rendered":"<div class=\"wpb-content-wrapper\"><p>[vc_row][vc_column][vc_column_text]Les programmes sauvegard\u00e9s sont stock\u00e9s dans le nuage \u00e0 l&#8217;emplacement r\u00e9seau \u00e0 distance du fournisseur de services et sont disponibles pour une utilisation future.<\/p>\n<p>Votre fournisseur de services peut proposer une programmation enregistr\u00e9e accessible pour tous les utilisateurs et est identifi\u00e9 comme \u00ab Fournisseur \u00bb. Le contenu enregistr\u00e9 par l&rsquo;utilisateur est \u00e9tiquet\u00e9 \u00ab Miens \u00bb.<\/p>\n<p>Chaque compte utilisateur a droit \u00e0 un nombre maximal sp\u00e9cifique d&rsquo;heures enregistr\u00e9es,\u00a0en fonction du plan d&rsquo;abonnement avec le fournisseur de services. Le contenu enregistr\u00e9 par l&rsquo;utilisateur (\u00ab Miens \u00bb) est compt\u00e9 dans l&rsquo;attribution maximale, contrairement au contenu du fournisseur.[\/vc_column_text][\/vc_column][\/vc_row][vc_row][vc_column][vc_single_image image=\u00a0\u00bb1012801&Prime; img_size=\u00a0\u00bbfull\u00a0\u00bb][vc_single_image image=\u00a0\u00bb1012805&Prime; img_size=\u00a0\u00bbfull\u00a0\u00bb][\/vc_column][\/vc_row][vc_row][vc_column][vc_column_text css=\u00a0\u00bb\u00a0\u00bb]<\/p>\n<h3>Comment puis-je sauvegarder?<\/h3>\n<p>La programmation \u00ab En Direct \u00bb et \u00ab Futur \u00bb peut \u00eatre sauvegard\u00e9e en choisissant le programme et en cliquant sur \u00ab Enregistrer \u00bb dans le menu.<\/p>\n<p>Les enregistrements r\u00e9gl\u00e9s avec succ\u00e8s sont indiqu\u00e9s par un point rouge sur le Guide. Il peut n\u00e9cessiter quelques minutes pour que cela apparaisse.[\/vc_column_text][vc_single_image image=\u00a0\u00bb1012673&Prime; img_size=\u00a0\u00bbfull\u00a0\u00bb][\/vc_column][\/vc_row][vc_row][vc_column][vc_column_text css=\u00a0\u00bb\u00a0\u00bb]<\/p>\n<h3>Quelles sont mes options d&rsquo;enregistrement?<\/h3>\n<ul>\n<li><strong>Enregistrer une seule fois<\/strong><\/li>\n<li><strong>Enregistrer toutes les diffusions<\/strong> &#8211; Les nouvelles et les r\u00e9p\u00e9titions sont enregistr\u00e9es.<\/li>\n<li><strong>Enregistrer les nouvelles diffusions seulement<\/strong> &#8211; Seuls les nouveaux \u00e9pisodes sont enregistr\u00e9s.<\/li>\n<\/ul>\n<p>[\/vc_column_text][\/vc_column][\/vc_row][vc_row][vc_column][vc_column_text css=\u00a0\u00bb\u00a0\u00bb]<\/p>\n<h3>Puis-je programmer des enregistrements?<\/h3>\n<p>Oui! S\u00e9lectionnez n\u2019importe quelle programmation future, cliquez sur Enregistrer et choisissez l&rsquo;option d&rsquo;enregistrement souhait\u00e9e.[\/vc_column_text][\/vc_column][\/vc_row][vc_row][vc_column][vc_column_text css=\u00a0\u00bb\u00a0\u00bb]<\/p>\n<h3>O\u00f9 puis-je voir mes enregistrements?<\/h3>\n<p>L&rsquo;onglet Enregistrements affichera tous les programmes enregistr\u00e9s disponibles. Ceux-ci peuvent \u00e9galement \u00eatre filtr\u00e9s en choisissant une cat\u00e9gorie dans le menu d\u00e9roulant \u00ab Tous Les Enregistrements \u00bb.[\/vc_column_text][\/vc_column][\/vc_row][vc_row][vc_column][vc_column_text css=\u00a0\u00bb\u00a0\u00bb]<\/p>\n<h3>O\u00f9 mes enregistrements sont-ils sauvegard\u00e9s?<\/h3>\n<p>Les enregistrements sont sauvegard\u00e9s dans le nuage.[\/vc_column_text][\/vc_column][\/vc_row][vc_row][vc_column][vc_column_text css=\u00a0\u00bb\u00a0\u00bb]<\/p>\n<h3>Quelle est la diff\u00e9rence entre les enregistrements \u00ab Mes Enregistrements \u00bb et \u00ab Enregistrements par votre fournisseur \u00bb?<\/h3>\n<p>\u00ab Mes Enregistrements \u00bb sont des enregistrements personnels que vous avez programm\u00e9s et qui comptent dans votre plan d&rsquo;abonnement d&rsquo;heures de stockage maximum<\/p>\n<p>Les \u00ab\u00a0Enregistrements par votre fournisseur\u00a0\u00bb sont des enregistrements mis \u00e0 disposition par votre fournisseur de services et ne sont pas comptabilis\u00e9s dans votre plan d&rsquo;abonnement d&rsquo;heures de stockage maximum.[\/vc_column_text][\/vc_column][\/vc_row][vc_row][vc_column][vc_column_text css=\u00a0\u00bb\u00a0\u00bb]<\/p>\n<h3>Veuillez expliquer la barre d&rsquo;\u00e9tat d&rsquo;enregistrement en haut du menu Enregistrements.<\/h3>\n<p>[vc_single_image image=\u00a0\u00bb1012809&Prime; img_size=\u00a0\u00bbfull\u00a0\u00bb]<\/p>\n<p>Il y a une dur\u00e9e de stockage allou\u00e9e qui est disponible pour un m\u00eame compte, laquelle est d\u00e9termin\u00e9e par votre plan d&rsquo;abonnement avec votre fournisseur de services.<\/p>\n<p>La barre d&rsquo;\u00e9tat indique le nombre d&rsquo;heures de stockage utilis\u00e9es, par rapport aux heures disponibles dans votre plan. Vos enregistrements personnels (identifi\u00e9s par \u00ab Mes Enregistrements \u00bb) sont disponibles pour une p\u00e9riode de temps sp\u00e9cifi\u00e9e tandis que les enregistrements du fournisseur peuvent \u00eatre pour des p\u00e9riodes plus longues \/ plus courtes \u00e0 la discr\u00e9tion de votre fournisseur de services.<\/p>\n<p>Exemple\u00a0: 50 Hres \/ 30 Jours = 50 heures de stockage d&rsquo;enregistrements personnels dans lesquels les enregistrements doivent \u00eatre visionn\u00e9s dans les 30 jours. Le contenu de plus de 30 jours sera automatiquement supprim\u00e9.<\/p>\n<p>Pour modifier le nombre total d&rsquo;heures et de jours de stockage disponibles pour le visionnement, contactez votre fournisseur de services pour plus d&rsquo;informations.[\/vc_column_text][\/vc_column][\/vc_row][vc_row][vc_column][vc_column_text css=\u00a0\u00bb\u00a0\u00bb]<\/p>\n<h3>Aidez-moi! Je suis \u00e0 court d&rsquo;heures d&rsquo;enregistrement!<\/h3>\n<p>V\u00e9rifiez si l&rsquo;un de vos enregistrements personnels est \u00e9galement disponible aupr\u00e8s de votre fournisseur de services. Si tel est le cas, il peut \u00eatre supprim\u00e9 pour lib\u00e9rer de l&rsquo;espace. Vous pouvez \u00e9galement contacter votre fournisseur de services pour vous renseigner sur l&rsquo;augmentation de votre espace de stockage.[\/vc_column_text][\/vc_column][\/vc_row][vc_row][vc_column][vc_column_text css=\u00a0\u00bb\u00a0\u00bb]<\/p>\n<h3>Comment supprimer des enregistrements?<\/h3>\n<p>Pour supprimer un seul \u00e9pisode, s\u00e9lectionnez \u00ab Supprimer le programme \u00bb. Cette action ne peut pas \u00eatre annul\u00e9e.<\/p>\n<p>Pour supprimer une <strong>s\u00e9rie <\/strong>ou des<strong> enregistrements futurs<\/strong>, les options sont:<\/p>\n<ul>\n<li><strong>Supprimer tous les programmes en cours<\/strong> \u2013 supprime tous les \u00e9pisodes enregistr\u00e9s<\/li>\n<li><strong>Mettre en pause les futurs enregistrements <\/strong>\u2013 met en pause tous les enregistrements futurs<\/li>\n<li><strong>Supprimer et arr\u00eater tous les enregistrements<\/strong> \u2013 supprime tous les \u00e9pisodes enregistr\u00e9s et arr\u00eate tous les futurs enregistrements<\/li>\n<\/ul>\n<p style=\"padding-left: 40px;\"><em>Remarque: ces actions ne peuvent pas \u00eatre annul\u00e9es.<\/em><\/p>\n<p>[\/vc_column_text][\/vc_column][\/vc_row][vc_row][vc_column][vc_column_text css=\u00a0\u00bb\u00a0\u00bb]<\/p>\n<h3>Puis-je supprimer les enregistrements du fournisseur?<\/h3>\n<p>Les enregistrements du fournisseur ne peuvent pas \u00eatre supprim\u00e9s et dans tous les cas, ces enregistrements ne comptent pas dans le nombre maximal d&rsquo;heures d&rsquo;enregistrement allou\u00e9es.<\/p>\n<p>Vous pouvez \u00e9galement vous concentrer sur vos enregistrements en choisissant le filtre \u00ab\u00a0Mes Enregistrements\u00a0\u00bb dans l&rsquo;onglet Enregistrements.[\/vc_column_text][\/vc_column][\/vc_row][vc_row][vc_column][vc_column_text css=\u00a0\u00bb\u00a0\u00bb]<\/p>\n<h3>Combien de temps mes enregistrements sont-ils conserv\u00e9s?<\/h3>\n<p>Les enregistrements sont conserv\u00e9s pendant un nombre X de jours en fonction de votre plan de service<\/p>\n<p>Exemple\u00a0: 30 jours ou jusqu&rsquo;\u00e0 suppression, selon la premi\u00e8re \u00e9ventualit\u00e9.[\/vc_column_text][\/vc_column][\/vc_row]<\/p>\n<\/div>","protected":false},"excerpt":{"rendered":"<p>[vc_row][vc_column][vc_column_text]Les programmes sauvegard\u00e9s sont stock\u00e9s dans le nuage \u00e0 l&#8217;emplacement r\u00e9seau \u00e0 distance du fournisseur de services et sont disponibles pour une utilisation future. Votre fournisseur de services peut proposer une programmation enregistr\u00e9e accessible pour tous les utilisateurs et est&#8230;<\/p>\n","protected":false},"author":4,"featured_media":0,"parent":1012322,"menu_order":6,"comment_status":"closed","ping_status":"closed","template":"","meta":{"_acf_changed":false,"inline_featured_image":false,"footnotes":""},"yst_prominent_words":[],"class_list":["post-1012367","page","type-page","status-publish","hentry"],"acf":[],"_links":{"self":[{"href":"https:\/\/www.mycatapultve.com\/fr\/wp-json\/wp\/v2\/pages\/1012367","targetHints":{"allow":["GET"]}}],"collection":[{"href":"https:\/\/www.mycatapultve.com\/fr\/wp-json\/wp\/v2\/pages"}],"about":[{"href":"https:\/\/www.mycatapultve.com\/fr\/wp-json\/wp\/v2\/types\/page"}],"author":[{"embeddable":true,"href":"https:\/\/www.mycatapultve.com\/fr\/wp-json\/wp\/v2\/users\/4"}],"replies":[{"embeddable":true,"href":"https:\/\/www.mycatapultve.com\/fr\/wp-json\/wp\/v2\/comments?post=1012367"}],"version-history":[{"count":16,"href":"https:\/\/www.mycatapultve.com\/fr\/wp-json\/wp\/v2\/pages\/1012367\/revisions"}],"predecessor-version":[{"id":1012960,"href":"https:\/\/www.mycatapultve.com\/fr\/wp-json\/wp\/v2\/pages\/1012367\/revisions\/1012960"}],"up":[{"embeddable":true,"href":"https:\/\/www.mycatapultve.com\/fr\/wp-json\/wp\/v2\/pages\/1012322"}],"wp:attachment":[{"href":"https:\/\/www.mycatapultve.com\/fr\/wp-json\/wp\/v2\/media?parent=1012367"}],"wp:term":[{"taxonomy":"yst_prominent_words","embeddable":true,"href":"https:\/\/www.mycatapultve.com\/fr\/wp-json\/wp\/v2\/yst_prominent_words?post=1012367"}],"curies":[{"name":"wp","href":"https:\/\/api.w.org\/{rel}","templated":true}]}}