{"id":1012363,"date":"2020-09-21T17:06:30","date_gmt":"2020-09-21T17:06:30","guid":{"rendered":"https:\/\/dev-mycat.pantheonsite.io\/?page_id=1012363"},"modified":"2025-06-10T18:22:15","modified_gmt":"2025-06-10T18:22:15","slug":"lecture","status":"publish","type":"page","link":"https:\/\/www.mycatapultve.com\/fr\/soutien\/guide-de-lutilisateur\/lecture\/","title":{"rendered":"Lecture"},"content":{"rendered":"<div class=\"wpb-content-wrapper\"><p>[vc_row][vc_column][vc_column_text]La lecture de la t\u00e9l\u00e9vision en direct, la programmation enregistr\u00e9e et la vid\u00e9o sur demande peuvent \u00eatre mises en pause, rembobin\u00e9es ou mise en avance rapide. La programmation HDTV est diffus\u00e9e avec une qualit\u00e9 audio surround AAC ou AC3.<\/p>\n<p>La t\u00e9l\u00e9vision en direct a \u00e9galement la possibilit\u00e9 de lire du contenu diffus\u00e9 au cours des 5 derni\u00e8res heures. Dans le guide, ces programmes sont \u00e9tiquet\u00e9s comme \u00ab DISPONIBLE \u00bb.[\/vc_column_text][\/vc_column][\/vc_row][vc_row][vc_column][vc_column_text css=\u00a0\u00bb\u00a0\u00bb]<\/p>\n<h3>Quelles sont toutes les options de lecture?<\/h3>\n<ul>\n<li class=\"p1\"><b>Recommencer \/ Red\u00e9marrer <\/b>&#8211; Regardez le programme depuis le d\u00e9but<\/li>\n<li class=\"p1\"><b>En direct <\/b>\u2013 Regardez le programme tel qu\u2019il est actuellement diffus\u00e9<\/li>\n<li class=\"p1\"><b>Reprendre <\/b>\u2013 Continuez \u00e0 regarder l\u00e0 o\u00f9 vous vous \u00e9tiez arr\u00eat\u00e9 la derni\u00e8re fois<\/li>\n<li class=\"p1\"><b>Enregistrer<\/b> &#8211; D\u00e9finir les options d&rsquo;enregistrement pour le programme<\/li>\n<\/ul>\n<p>[\/vc_column_text][\/vc_column][\/vc_row][vc_row][vc_column][vc_column_text css=\u00a0\u00bb\u00a0\u00bb]<\/p>\n<h3>Comment ouvrir \/ fermer le panneau de contr\u00f4le?<\/h3>\n<p>Appuyez n&rsquo;importe o\u00f9 sur l&rsquo;\u00e9cran pour ouvrir et fermer le panneau. Sur les appareils \u00e9quip\u00e9s de t\u00e9l\u00e9commandes, appuyez sur le bouton \u00abOK\u00bb pour ouvrir et \u00abRetour\u00bb pour fermer.[\/vc_column_text][\/vc_column][\/vc_row][vc_row][vc_column][vc_column_text css=\u00a0\u00bb\u00a0\u00bb]<\/p>\n<h3>Quelles options sont dans le panneau de contr\u00f4le?<\/h3>\n<p>[vc_single_image image=\u00a0\u00bb1012598&Prime; img_size=\u00a0\u00bbfull\u00a0\u00bb]<\/p>\n<p><strong>A.<\/strong> Vous pouvez mettre en pause, reculer (de 10 secondes) ou avancer rapidement (de 30 secondes).<\/p>\n<p><strong>B.<\/strong> L&rsquo;ic\u00f4ne Accueil vous ram\u00e8nera au Guide. Le programme continuera \u00e0 jouer dans le coin sup\u00e9rieur droit, \u00e0 moins qu&rsquo;il n&rsquo;ait \u00e9t\u00e9 mis en pause.<\/p>\n<p><strong>C.<\/strong> La lecture peut \u00eatre saut\u00e9e en avant \/ en arri\u00e8re en appuyant n&rsquo;importe o\u00f9 sur la barre de progression, ce qui illustre \u00e9galement la progression de la lecture par rapport \u00e0 la dur\u00e9e totale du programme.<\/p>\n<p><strong>D.<\/strong> Les niveaux de volume peuvent \u00eatre contr\u00f4l\u00e9s.<\/p>\n<p><strong>E.<\/strong> Les sous-titres peuvent \u00eatre activ\u00e9s ou d\u00e9sactiv\u00e9s.<\/p>\n<p><strong>F.<\/strong> Vous pouvez passer \u00e0 l&rsquo;affichage plein \u00e9cran.<\/p>\n<p><strong>G.<\/strong> L&rsquo;indicateur de puissance du signal WiFi est situ\u00e9 dans le coin sup\u00e9rieur droit.[\/vc_column_text][\/vc_column][\/vc_row][vc_row][vc_column][vc_column_text css=\u00a0\u00bb\u00a0\u00bb]<\/p>\n<h3>Que signifient les couleurs bleu, gris et gris fonc\u00e9 dans l&rsquo;indicateur de lecture?<\/h3>\n<ul>\n<li>Le bleu indique la quantit\u00e9 de contenu lu<\/li>\n<li>Le gris clair indique la quantit\u00e9 de contenu mis en m\u00e9moire tampon<\/li>\n<li>Le gris fonc\u00e9 indique toute la dur\u00e9e du programme<\/li>\n<\/ul>\n<p>[\/vc_column_text][\/vc_column][\/vc_row][vc_row][vc_column][vc_column_text css=\u00a0\u00bb\u00a0\u00bb]<\/p>\n<h3>Comment activer ou d\u00e9sactiver les sous-titres?<\/h3>\n<p>Les sous-titres cod\u00e9s, s&rsquo;ils sont disponibles pour un programme, peuvent \u00eatre activ\u00e9s ou d\u00e9sactiv\u00e9s en cliquant sur l&rsquo;ic\u00f4ne \u00abCC\u00bb.[\/vc_column_text][\/vc_column][\/vc_row][vc_row][vc_column][vc_column_text css=\u00a0\u00bb\u00a0\u00bb]<\/p>\n<h3>Que dois-je faire si l&rsquo;\u00e9cran est vide ou si la vid\u00e9o est en pause?<\/h3>\n<p>[vc_single_image image=\u00a0\u00bb1012190&Prime; img_size=\u00a0\u00bbfull\u00a0\u00bb]<\/p>\n<p>V\u00e9rifiez votre connexion Internet pour confirmer que vous \u00eates en ligne et que vous disposez d&rsquo;un \u00abd\u00e9bit de 5 bars\u00bb (5-10 Mbps).<\/p>\n<p>Essayez de vous rapprocher de votre routeur ou augmentez la puissance\/port\u00e9e du signal Wi-Fi.[\/vc_column_text][\/vc_column][\/vc_row]<\/p>\n<\/div>","protected":false},"excerpt":{"rendered":"<p>[vc_row][vc_column][vc_column_text]La lecture de la t\u00e9l\u00e9vision en direct, la programmation enregistr\u00e9e et la vid\u00e9o sur demande peuvent \u00eatre mises en pause, rembobin\u00e9es ou mise en avance rapide. La programmation HDTV est diffus\u00e9e avec une qualit\u00e9 audio surround AAC ou AC3. La&#8230;<\/p>\n","protected":false},"author":4,"featured_media":0,"parent":1012322,"menu_order":5,"comment_status":"closed","ping_status":"closed","template":"","meta":{"_acf_changed":false,"inline_featured_image":false,"footnotes":""},"yst_prominent_words":[],"class_list":["post-1012363","page","type-page","status-publish","hentry"],"acf":[],"_links":{"self":[{"href":"https:\/\/www.mycatapultve.com\/fr\/wp-json\/wp\/v2\/pages\/1012363","targetHints":{"allow":["GET"]}}],"collection":[{"href":"https:\/\/www.mycatapultve.com\/fr\/wp-json\/wp\/v2\/pages"}],"about":[{"href":"https:\/\/www.mycatapultve.com\/fr\/wp-json\/wp\/v2\/types\/page"}],"author":[{"embeddable":true,"href":"https:\/\/www.mycatapultve.com\/fr\/wp-json\/wp\/v2\/users\/4"}],"replies":[{"embeddable":true,"href":"https:\/\/www.mycatapultve.com\/fr\/wp-json\/wp\/v2\/comments?post=1012363"}],"version-history":[{"count":11,"href":"https:\/\/www.mycatapultve.com\/fr\/wp-json\/wp\/v2\/pages\/1012363\/revisions"}],"predecessor-version":[{"id":1012956,"href":"https:\/\/www.mycatapultve.com\/fr\/wp-json\/wp\/v2\/pages\/1012363\/revisions\/1012956"}],"up":[{"embeddable":true,"href":"https:\/\/www.mycatapultve.com\/fr\/wp-json\/wp\/v2\/pages\/1012322"}],"wp:attachment":[{"href":"https:\/\/www.mycatapultve.com\/fr\/wp-json\/wp\/v2\/media?parent=1012363"}],"wp:term":[{"taxonomy":"yst_prominent_words","embeddable":true,"href":"https:\/\/www.mycatapultve.com\/fr\/wp-json\/wp\/v2\/yst_prominent_words?post=1012363"}],"curies":[{"name":"wp","href":"https:\/\/api.w.org\/{rel}","templated":true}]}}