{"id":1012343,"date":"2020-09-21T15:44:50","date_gmt":"2020-09-21T15:44:50","guid":{"rendered":"https:\/\/dev-mycat.pantheonsite.io\/?page_id=1012343"},"modified":"2025-06-10T16:09:21","modified_gmt":"2025-06-10T16:09:21","slug":"guide","status":"publish","type":"page","link":"https:\/\/www.mycatapultve.com\/fr\/soutien\/guide-de-lutilisateur\/guide\/","title":{"rendered":"Guide"},"content":{"rendered":"<div class=\"wpb-content-wrapper\"><p>[vc_row][vc_column][vc_column_text]L&rsquo;\u00e9cran d&rsquo;accueil de l&rsquo;application est \u00e9galement le guide des programmes. Cet \u00e9cran affiche la liste des cha\u00eenes en s\u00e9parant la programmation en chronologies pr\u00e9c\u00e9demment diffus\u00e9es, en cours de diffusion puis futures.[\/vc_column_text][\/vc_column][\/vc_row][vc_row][vc_column][vc_single_image image=\u00a0\u00bb1012850&Prime; img_size=\u00a0\u00bbfull\u00a0\u00bb][\/vc_column][\/vc_row][vc_row][vc_column][vc_column_text css=\u00a0\u00bb\u00a0\u00bb]<\/p>\n<h3>Quelles sont les ic\u00f4nes \u00e0 gauche?<strong><a href=\"https:\/\/www.mycatapultve.com\/wp-content\/uploads\/2022\/02\/SideMenu-1.jpg\"><img loading=\"lazy\" decoding=\"async\" class=\"wp-image-1012705 size-medium alignleft\" src=\"https:\/\/www.mycatapultve.com\/wp-content\/uploads\/2022\/02\/SideMenu-1-27x300.jpg\" alt=\"\" width=\"27\" height=\"300\" srcset=\"https:\/\/www.mycatapultve.com\/wp-content\/uploads\/2022\/02\/SideMenu-1-27x300.jpg 27w, https:\/\/www.mycatapultve.com\/wp-content\/uploads\/2022\/02\/SideMenu-1.jpg 68w\" sizes=\"auto, (max-width: 27px) 100vw, 27px\" \/><\/a><\/strong><\/h3>\n<p><strong><br \/>\nD\u00e9velopper<\/strong> le menu lat\u00e9ral.<\/p>\n<p><strong>Heure<\/strong> actuelle.<\/p>\n<p><strong>Recherche<\/strong> un titre, un acteur, un genre ou tout autre mot-cl\u00e9.<\/p>\n<p>Voir le<strong> Guide.<\/strong><\/p>\n<p>Acc\u00e9der aux <strong>Enregistrements<\/strong>.<\/p>\n<p>Acc\u00e9der au contenu <strong>Sur Demande<\/strong> (lorsque disponible aupr\u00e8s du fournisseur de services t\u00e9l\u00e9).<\/p>\n<p>Se connecter au contenu <strong>En ligne<\/strong>.<\/p>\n<p>Configurer les <strong>Param\u00e8tres.<\/strong>[\/vc_column_text][\/vc_column][\/vc_row][vc_row][vc_column][vc_column_text css=\u00a0\u00bb\u00a0\u00bb]<\/p>\n<h3>Comment naviguer dans le guide?<\/h3>\n<p>Les fl\u00e8ches avant ou arri\u00e8re dans la barre de menu d\u00e9placeront l&rsquo;heure par incr\u00e9ments d&rsquo;une demi-heure. Si vous utilisez un appareil avec une t\u00e9l\u00e9commande, le Guide peut \u00eatre avanc\u00e9 ou recul\u00e9 \u00e0 l&rsquo;aide des touches gauche\/droite ou REW\/FFWD.<\/p>\n<p>Les menus d\u00e9roulants peuvent \u00e9galement \u00eatre utilis\u00e9s pour visualiser facilement la programmation aussi loin que les 2 semaines \u00e0 venir ou au cours du dernier jour.[\/vc_column_text][\/vc_column][\/vc_row][vc_row][vc_column][vc_column_text css=\u00a0\u00bb\u00a0\u00bb]<\/p>\n<h3>Comment le guide est-il organis\u00e9?<\/h3>\n<p>Le guide est divis\u00e9 en 4 cat\u00e9gories:<\/p>\n<ul>\n<li><strong>Expir\u00e9 <\/strong>: la programmation n&rsquo;est plus disponible pour l\u2019\u00e9coute<\/li>\n<li><strong>Disponible (ou Retour en arri\u00e8re) <\/strong>: la programmation des 5 derni\u00e8res heures est encore disponible pour l\u2019\u00e9coute<\/li>\n<li><strong>En direct <\/strong>: programmation actuelle<\/li>\n<li><strong>Futur <\/strong>: programmation \u00e0 venir<\/li>\n<\/ul>\n<p>[\/vc_column_text][\/vc_column][\/vc_row][vc_row][vc_column][vc_column_text css=\u00a0\u00bb\u00a0\u00bb]<\/p>\n<h3>Comment les cha\u00eenes sont-elles tri\u00e9es?<\/h3>\n<p>Par d\u00e9faut, les cha\u00eenes sont tri\u00e9es par votre fournisseur de services t\u00e9l\u00e9, g\u00e9n\u00e9ralement par ordre alphab\u00e9tique. Cependant, vos cha\u00eenes favorites seront r\u00e9pertori\u00e9es en premier.[\/vc_column_text][\/vc_column][\/vc_row][vc_row][vc_column][vc_column_text css=\u00a0\u00bb\u00a0\u00bb]<\/p>\n<h3>Comment ajouter une cha\u00eene \u00e0 ma liste de favoris?<\/h3>\n<p>[vc_single_image image=\u00a0\u00bb1012350&Prime; img_size=\u00a0\u00bbfull\u00a0\u00bb]<\/p>\n<p>Cliquez sur le logo de la cha\u00eene pour ouvrir la fen\u00eatre Options des cha\u00eenes. Depuis cet endroit, vous pouvez ajouter (ou supprimer) une cha\u00eene de votre liste.<\/p>\n<p>Dans le Guide des programmes, les cha\u00eenes favorites sont marqu\u00e9es d&rsquo;un c\u0153ur et plac\u00e9es en haut de la liste de vos cha\u00eenes.[\/vc_column_text][\/vc_column][\/vc_row][vc_row][vc_column][vc_column_text css=\u00a0\u00bb\u00a0\u00bb]<\/p>\n<h3>Existe-t-il un moyen simple de trouver une cha\u00eene?<\/h3>\n<p>Oui, il existe 2 fa\u00e7ons de rechercher une cha\u00eene:[\/vc_column_text][vc_empty_space][vc_row_inner][vc_column_inner][vc_column_text]1. Appuyez sur l&rsquo;ic\u00f4ne Recherche de cha\u00eenes.[\/vc_column_text][vc_single_image image=\u00a0\u00bb1012788&Prime; img_size=\u00a0\u00bbfull\u00a0\u00bb][\/vc_column_inner][\/vc_row_inner][vc_column_text]Entrez le nom ou le num\u00e9ro utilis\u00e9 par votre fournisseur de services.[\/vc_column_text][vc_single_image image=\u00a0\u00bb1012354&Prime; img_size=\u00a0\u00bbfull\u00a0\u00bb][vc_column_text]Cliquez sur une cha\u00eene pour lister les programmes \u00e0 venir.[\/vc_column_text][vc_single_image image=\u00a0\u00bb1012637&Prime; img_size=\u00a0\u00bbfull\u00a0\u00bb][vc_row_inner][vc_column_inner][vc_column_text]2. Entrez quelques lettres dans le champ de texte et le Guide raccourcira la liste des correspondances de recherche en cons\u00e9quence.[\/vc_column_text][vc_single_image image=\u00a0\u00bb1012792&Prime; img_size=\u00a0\u00bbfull\u00a0\u00bb][\/vc_column_inner][\/vc_row_inner][\/vc_column][\/vc_row][vc_row][vc_column][vc_column_text css=\u00a0\u00bb\u00a0\u00bb]<\/p>\n<h3>Lorsque je clique sur le logo de la cha\u00eene, quelles sont les options?<\/h3>\n<p>[vc_single_image image=\u00a0\u00bb1012350&Prime; img_size=\u00a0\u00bbfull\u00a0\u00bb]<\/p>\n<ul>\n<li><strong>Regarder en direct<\/strong>&#8211;\u00a0Regardez le programme au moment actuel<\/li>\n<li><strong>Red\u00e9marrage du programme <\/strong>\u2013 Regarder le programme depuis le d\u00e9but<\/li>\n<li><strong>Ajouter \/ supprimer des favoris <\/strong>\u2013 Ajouter \/ Supprimer la cha\u00eene du haut du guide<\/li>\n<li><strong>Bloquer \/ d\u00e9bloquer la cha\u00eene <\/strong>\u2013 Supprimer\/restaurer l&rsquo;accessibilit\u00e9 \u00e0 visionner la cha\u00eene<\/li>\n<\/ul>\n<p>[\/vc_column_text][\/vc_column][\/vc_row][vc_row][vc_column][vc_column_text css=\u00a0\u00bb\u00a0\u00bb]<\/p>\n<h3>Puis-je simplement voir des sports, des drames, des sitcoms, etc.?<\/h3>\n<p>Oui, la programmation du Guide peut \u00eatre filtr\u00e9e par genre. Dans le menu d\u00e9roulant, s\u00e9lectionnez la cat\u00e9gorie sp\u00e9cifique qui vous int\u00e9resse.[\/vc_column_text][vc_single_image image=\u00a0\u00bb1012841&Prime; img_size=\u00a0\u00bbfull\u00a0\u00bb][\/vc_column][\/vc_row]<\/p>\n<\/div>","protected":false},"excerpt":{"rendered":"<p>[vc_row][vc_column][vc_column_text]L&rsquo;\u00e9cran d&rsquo;accueil de l&rsquo;application est \u00e9galement le guide des programmes. Cet \u00e9cran affiche la liste des cha\u00eenes en s\u00e9parant la programmation en chronologies pr\u00e9c\u00e9demment diffus\u00e9es, en cours de diffusion puis futures.[\/vc_column_text][\/vc_column][\/vc_row][vc_row][vc_column][vc_single_image image=\u00a0\u00bb1012850&Prime; img_size=\u00a0\u00bbfull\u00a0\u00bb][\/vc_column][\/vc_row][vc_row][vc_column][vc_column_text css=\u00a0\u00bb\u00a0\u00bb] Quelles sont les ic\u00f4nes \u00e0 gauche?&#8230;<\/p>\n","protected":false},"author":4,"featured_media":0,"parent":1012322,"menu_order":3,"comment_status":"closed","ping_status":"closed","template":"","meta":{"_acf_changed":false,"inline_featured_image":false,"footnotes":""},"yst_prominent_words":[],"class_list":["post-1012343","page","type-page","status-publish","hentry"],"acf":[],"_links":{"self":[{"href":"https:\/\/www.mycatapultve.com\/fr\/wp-json\/wp\/v2\/pages\/1012343","targetHints":{"allow":["GET"]}}],"collection":[{"href":"https:\/\/www.mycatapultve.com\/fr\/wp-json\/wp\/v2\/pages"}],"about":[{"href":"https:\/\/www.mycatapultve.com\/fr\/wp-json\/wp\/v2\/types\/page"}],"author":[{"embeddable":true,"href":"https:\/\/www.mycatapultve.com\/fr\/wp-json\/wp\/v2\/users\/4"}],"replies":[{"embeddable":true,"href":"https:\/\/www.mycatapultve.com\/fr\/wp-json\/wp\/v2\/comments?post=1012343"}],"version-history":[{"count":25,"href":"https:\/\/www.mycatapultve.com\/fr\/wp-json\/wp\/v2\/pages\/1012343\/revisions"}],"predecessor-version":[{"id":1012934,"href":"https:\/\/www.mycatapultve.com\/fr\/wp-json\/wp\/v2\/pages\/1012343\/revisions\/1012934"}],"up":[{"embeddable":true,"href":"https:\/\/www.mycatapultve.com\/fr\/wp-json\/wp\/v2\/pages\/1012322"}],"wp:attachment":[{"href":"https:\/\/www.mycatapultve.com\/fr\/wp-json\/wp\/v2\/media?parent=1012343"}],"wp:term":[{"taxonomy":"yst_prominent_words","embeddable":true,"href":"https:\/\/www.mycatapultve.com\/fr\/wp-json\/wp\/v2\/yst_prominent_words?post=1012343"}],"curies":[{"name":"wp","href":"https:\/\/api.w.org\/{rel}","templated":true}]}}